{"id":5114,"date":"2026-03-02T11:57:58","date_gmt":"2026-03-02T14:57:58","guid":{"rendered":"https:\/\/siminova.com.br\/blog\/?page_id=5114"},"modified":"2026-03-18T09:19:13","modified_gmt":"2026-03-18T12:19:13","slug":"quiz-funcoes-simrobotica","status":"publish","type":"page","link":"https:\/\/siminova.com.br\/blog\/amigos\/alinhamento\/quiz-funcoes-simrobotica\/","title":{"rendered":"Alinhamento Quiz: Fun\u00e7\u00f5es SIMROB\u00d3TICA\u00ae"},"content":{"rendered":"","protected":false},"excerpt":{"rendered":"","protected":false},"author":8,"featured_media":0,"parent":5028,"menu_order":0,"comment_status":"closed","ping_status":"closed","template":"","meta":{"footnotes":"","_links_to":"","_links_to_target":""},"class_list":["post-5114","page","type-page","status-publish","hentry"],"_links":{"self":[{"href":"https:\/\/siminova.com.br\/blog\/wp-json\/wp\/v2\/pages\/5114","targetHints":{"allow":["GET"]}}],"collection":[{"href":"https:\/\/siminova.com.br\/blog\/wp-json\/wp\/v2\/pages"}],"about":[{"href":"https:\/\/siminova.com.br\/blog\/wp-json\/wp\/v2\/types\/page"}],"author":[{"embeddable":true,"href":"https:\/\/siminova.com.br\/blog\/wp-json\/wp\/v2\/users\/8"}],"replies":[{"embeddable":true,"href":"https:\/\/siminova.com.br\/blog\/wp-json\/wp\/v2\/comments?post=5114"}],"version-history":[{"count":1,"href":"https:\/\/siminova.com.br\/blog\/wp-json\/wp\/v2\/pages\/5114\/revisions"}],"predecessor-version":[{"id":5115,"href":"https:\/\/siminova.com.br\/blog\/wp-json\/wp\/v2\/pages\/5114\/revisions\/5115"}],"up":[{"embeddable":true,"href":"https:\/\/siminova.com.br\/blog\/wp-json\/wp\/v2\/pages\/5028"}],"wp:attachment":[{"href":"https:\/\/siminova.com.br\/blog\/wp-json\/wp\/v2\/media?parent=5114"}],"curies":[{"name":"wp","href":"https:\/\/api.w.org\/{rel}","templated":true}]}}