{"id":5028,"date":"2026-02-26T16:18:11","date_gmt":"2026-02-26T19:18:11","guid":{"rendered":"https:\/\/siminova.com.br\/blog\/?page_id=5028"},"modified":"2026-03-04T09:07:47","modified_gmt":"2026-03-04T12:07:47","slug":"alinhamento","status":"publish","type":"page","link":"https:\/\/siminova.com.br\/blog\/amigos\/alinhamento\/","title":{"rendered":"Alinhamento Atividades"},"content":{"rendered":"","protected":false},"excerpt":{"rendered":"<p>As atividades dispon\u00edveis na P\u00e1gina dos Amigos da Tecnologia Educacional s\u00e3o alinhadas \u00e0 Base Nacional Comum Curricular (BNCC), BNCC da Computa\u00e7\u00e3o e aos Objetivos de Desenvolvimento Sustent\u00e1vel (ODS) da ONU.<\/p>\n","protected":false},"author":8,"featured_media":0,"parent":2799,"menu_order":0,"comment_status":"closed","ping_status":"closed","template":"","meta":{"rs_blank_template":"","rs_page_bg_color":"","slide_template_v7":"","footnotes":"","_links_to":"","_links_to_target":""},"class_list":["post-5028","page","type-page","status-publish","hentry"],"_links":{"self":[{"href":"https:\/\/siminova.com.br\/blog\/wp-json\/wp\/v2\/pages\/5028","targetHints":{"allow":["GET"]}}],"collection":[{"href":"https:\/\/siminova.com.br\/blog\/wp-json\/wp\/v2\/pages"}],"about":[{"href":"https:\/\/siminova.com.br\/blog\/wp-json\/wp\/v2\/types\/page"}],"author":[{"embeddable":true,"href":"https:\/\/siminova.com.br\/blog\/wp-json\/wp\/v2\/users\/8"}],"replies":[{"embeddable":true,"href":"https:\/\/siminova.com.br\/blog\/wp-json\/wp\/v2\/comments?post=5028"}],"version-history":[{"count":3,"href":"https:\/\/siminova.com.br\/blog\/wp-json\/wp\/v2\/pages\/5028\/revisions"}],"predecessor-version":[{"id":5031,"href":"https:\/\/siminova.com.br\/blog\/wp-json\/wp\/v2\/pages\/5028\/revisions\/5031"}],"up":[{"embeddable":true,"href":"https:\/\/siminova.com.br\/blog\/wp-json\/wp\/v2\/pages\/2799"}],"wp:attachment":[{"href":"https:\/\/siminova.com.br\/blog\/wp-json\/wp\/v2\/media?parent=5028"}],"curies":[{"name":"wp","href":"https:\/\/api.w.org\/{rel}","templated":true}]}}