{"id":2799,"date":"2025-02-21T11:53:57","date_gmt":"2025-02-21T14:53:57","guid":{"rendered":"https:\/\/siminova.com.br\/blog\/?page_id=2799"},"modified":"2026-03-31T15:26:26","modified_gmt":"2026-03-31T18:26:26","slug":"amigos","status":"publish","type":"page","link":"https:\/\/siminova.com.br\/blog\/amigos\/","title":{"rendered":"Amigos da Tecnologia"},"content":{"rendered":"","protected":false},"excerpt":{"rendered":"<p>Os Amigos da Tecnologia Educacional est\u00e3o prontos para decolar em dire\u00e7\u00e3o a grandes aventuras.<\/p>\n<p><i>E se voc\u00ea tamb\u00e9m ama as aulas de rob\u00f3tica educacional&#8230; voc\u00ea j\u00e1 \u00e9 um tripulante!<\/i><\/p>\n","protected":false},"author":8,"featured_media":3899,"parent":0,"menu_order":0,"comment_status":"closed","ping_status":"closed","template":"","meta":{"rs_blank_template":"","rs_page_bg_color":"","slide_template_v7":"","footnotes":"","_links_to":"","_links_to_target":""},"class_list":["post-2799","page","type-page","status-publish","has-post-thumbnail","hentry"],"_links":{"self":[{"href":"https:\/\/siminova.com.br\/blog\/wp-json\/wp\/v2\/pages\/2799","targetHints":{"allow":["GET"]}}],"collection":[{"href":"https:\/\/siminova.com.br\/blog\/wp-json\/wp\/v2\/pages"}],"about":[{"href":"https:\/\/siminova.com.br\/blog\/wp-json\/wp\/v2\/types\/page"}],"author":[{"embeddable":true,"href":"https:\/\/siminova.com.br\/blog\/wp-json\/wp\/v2\/users\/8"}],"replies":[{"embeddable":true,"href":"https:\/\/siminova.com.br\/blog\/wp-json\/wp\/v2\/comments?post=2799"}],"version-history":[{"count":4,"href":"https:\/\/siminova.com.br\/blog\/wp-json\/wp\/v2\/pages\/2799\/revisions"}],"predecessor-version":[{"id":4488,"href":"https:\/\/siminova.com.br\/blog\/wp-json\/wp\/v2\/pages\/2799\/revisions\/4488"}],"wp:featuredmedia":[{"embeddable":true,"href":"https:\/\/siminova.com.br\/blog\/wp-json\/wp\/v2\/media\/3899"}],"wp:attachment":[{"href":"https:\/\/siminova.com.br\/blog\/wp-json\/wp\/v2\/media?parent=2799"}],"curies":[{"name":"wp","href":"https:\/\/api.w.org\/{rel}","templated":true}]}}